{"id":608,"date":"2018-09-22T16:39:22","date_gmt":"2018-09-22T14:39:22","guid":{"rendered":"http:\/\/www.skpzilina.sk\/?page_id=608"},"modified":"2019-01-25T19:06:59","modified_gmt":"2019-01-25T18:06:59","slug":"2018-cerpanie-dotacii-a-financnych-prostriedkov-2","status":"publish","type":"page","link":"https:\/\/www.skpzilina.sk\/?page_id=608","title":{"rendered":"2018 \u010cerpanie dot\u00e1ci\u00ed a finan\u010dn\u00fdch prostriedkov"},"content":{"rendered":"\n<div class=\"wp-block-file\"><a href=\"https:\/\/www.skpzilina.sk\/wp-content\/uploads\/2019\/01\/cerpanie-od-1.1.do-31.12.2018-1.pdf\">Cerpanie od 1.1.do 31.12.2018<\/a><a href=\"https:\/\/www.skpzilina.sk\/wp-content\/uploads\/2019\/01\/cerpanie-od-1.1.do-31.12.2018-1.pdf\" class=\"wp-block-file__button\" download>Stiahnu\u0165<\/a><\/div>\n\n\n\n<div class=\"wp-block-file\"><a href=\"https:\/\/www.skpzilina.sk\/wp-content\/uploads\/2019\/01\/prijem-dotacie-unitop-vypis-z-uctu.pdf\">prijem-dotacie-unitop-vypis-z-uctu<\/a><a href=\"https:\/\/www.skpzilina.sk\/wp-content\/uploads\/2019\/01\/prijem-dotacie-unitop-vypis-z-uctu.pdf\" class=\"wp-block-file__button\" download>Stiahnu\u0165<\/a><\/div>\n","protected":false},"excerpt":{"rendered":"","protected":false},"author":3,"featured_media":0,"parent":24,"menu_order":0,"comment_status":"closed","ping_status":"closed","template":"","meta":{"footnotes":""},"class_list":["post-608","page","type-page","status-publish","hentry"],"_links":{"self":[{"href":"https:\/\/www.skpzilina.sk\/index.php?rest_route=\/wp\/v2\/pages\/608"}],"collection":[{"href":"https:\/\/www.skpzilina.sk\/index.php?rest_route=\/wp\/v2\/pages"}],"about":[{"href":"https:\/\/www.skpzilina.sk\/index.php?rest_route=\/wp\/v2\/types\/page"}],"author":[{"embeddable":true,"href":"https:\/\/www.skpzilina.sk\/index.php?rest_route=\/wp\/v2\/users\/3"}],"replies":[{"embeddable":true,"href":"https:\/\/www.skpzilina.sk\/index.php?rest_route=%2Fwp%2Fv2%2Fcomments&post=608"}],"version-history":[{"count":15,"href":"https:\/\/www.skpzilina.sk\/index.php?rest_route=\/wp\/v2\/pages\/608\/revisions"}],"predecessor-version":[{"id":1290,"href":"https:\/\/www.skpzilina.sk\/index.php?rest_route=\/wp\/v2\/pages\/608\/revisions\/1290"}],"up":[{"embeddable":true,"href":"https:\/\/www.skpzilina.sk\/index.php?rest_route=\/wp\/v2\/pages\/24"}],"wp:attachment":[{"href":"https:\/\/www.skpzilina.sk\/index.php?rest_route=%2Fwp%2Fv2%2Fmedia&parent=608"}],"curies":[{"name":"wp","href":"https:\/\/api.w.org\/{rel}","templated":true}]}}