{"id":585,"date":"2018-08-31T12:40:23","date_gmt":"2018-08-31T10:40:23","guid":{"rendered":"http:\/\/www.skpzilina.sk\/?page_id=585"},"modified":"2019-02-09T23:42:03","modified_gmt":"2019-02-09T22:42:03","slug":"dokumenty-2018","status":"publish","type":"page","link":"https:\/\/www.skpzilina.sk\/?page_id=585","title":{"rendered":"2018 Zmluvy a dokumenty"},"content":{"rendered":"<h4><\/h4>\r\n<h4>&#8211; Zmluva so Slovensk\u00fdm atletick\u00fdm zv\u00e4zom v roku 2018<\/h4>\r\n<h4><a href=\"http:\/\/www.skpzilina.sk\/wp-content\/uploads\/2018\/09\/zmluva-biatlon-2018.pdf\">&#8211; Zmluva so Slovensk\u00fdm zv\u00e4zom biatlonu v roku 2018<\/a><\/h4>\r\n<h4><a href=\"http:\/\/www.skpzilina.sk\/wp-content\/uploads\/2018\/08\/zmluva-s-mestom-zilina-2018.pdf\">&#8211; Zmluva s mestom \u017dilina v roku 2018<\/a><\/h4>\r\n<h4><a href=\"http:\/\/www.skpzilina.sk\/wp-content\/uploads\/2018\/10\/zmluva-saz-o-zabezpeceni-pzpm.pdf\">&#8211; Zmluva so Slovensk\u00fdm atletick\u00fdm zv\u00e4zom o zabezpecen\u00ed PZPM v roku 2018\u00a0<\/a><\/h4>\r\n<h4><a href=\"http:\/\/www.skpzilina.sk\/wp-content\/uploads\/2018\/10\/zmluva-unitop-2018.pdf\">&#8211; Zmluva s \u00daniou telov\u00fdchovn\u00fdch oddielov pol\u00edcie SR v roku 2018<\/a><\/h4>\r\n\r\n\r\n\r\n<div class=\"wp-block-file\"><a href=\"https:\/\/www.skpzilina.sk\/wp-content\/uploads\/2018\/12\/rajec-dotacia.pdf\">rajec-dotacia<\/a><a class=\"wp-block-file__button\" href=\"https:\/\/www.skpzilina.sk\/wp-content\/uploads\/2018\/12\/rajec-dotacia.pdf\" download=\"\">Download<\/a><\/div>\r\n\r\n\r\n\r\n<div class=\"wp-block-file\"><a href=\"https:\/\/www.skpzilina.sk\/wp-content\/uploads\/2019\/01\/prijem-dotacie-unitop-vypis-z-uctu.pdf\">prijem-dotacie-unitop-vypis-z-uctu<\/a><\/div>\r\n","protected":false},"excerpt":{"rendered":"<p>&#8211; Zmluva so Slovensk\u00fdm atletick\u00fdm zv\u00e4zom v roku 2018 &#8211; Zmluva so Slovensk\u00fdm zv\u00e4zom biatlonu v roku 2018 &#8211; Zmluva s mestom \u017dilina v roku 2018 &#8211; Zmluva so Slovensk\u00fdm atletick\u00fdm zv\u00e4zom o zabezpecen\u00ed PZPM v roku 2018\u00a0 &#8211; Zmluva s \u00daniou telov\u00fdchovn\u00fdch oddielov pol\u00edcie SR v roku 2018<\/p>\n","protected":false},"author":2,"featured_media":0,"parent":24,"menu_order":0,"comment_status":"closed","ping_status":"closed","template":"","meta":{"footnotes":""},"class_list":["post-585","page","type-page","status-publish","hentry"],"_links":{"self":[{"href":"https:\/\/www.skpzilina.sk\/index.php?rest_route=\/wp\/v2\/pages\/585"}],"collection":[{"href":"https:\/\/www.skpzilina.sk\/index.php?rest_route=\/wp\/v2\/pages"}],"about":[{"href":"https:\/\/www.skpzilina.sk\/index.php?rest_route=\/wp\/v2\/types\/page"}],"author":[{"embeddable":true,"href":"https:\/\/www.skpzilina.sk\/index.php?rest_route=\/wp\/v2\/users\/2"}],"replies":[{"embeddable":true,"href":"https:\/\/www.skpzilina.sk\/index.php?rest_route=%2Fwp%2Fv2%2Fcomments&post=585"}],"version-history":[{"count":20,"href":"https:\/\/www.skpzilina.sk\/index.php?rest_route=\/wp\/v2\/pages\/585\/revisions"}],"predecessor-version":[{"id":1311,"href":"https:\/\/www.skpzilina.sk\/index.php?rest_route=\/wp\/v2\/pages\/585\/revisions\/1311"}],"up":[{"embeddable":true,"href":"https:\/\/www.skpzilina.sk\/index.php?rest_route=\/wp\/v2\/pages\/24"}],"wp:attachment":[{"href":"https:\/\/www.skpzilina.sk\/index.php?rest_route=%2Fwp%2Fv2%2Fmedia&parent=585"}],"curies":[{"name":"wp","href":"https:\/\/api.w.org\/{rel}","templated":true}]}}