{"id":2000,"date":"2025-02-05T10:30:42","date_gmt":"2025-02-05T09:30:42","guid":{"rendered":"https:\/\/www.skpzilina.sk\/?page_id=2000"},"modified":"2025-10-12T16:33:26","modified_gmt":"2025-10-12T14:33:26","slug":"2025-zmluvy","status":"publish","type":"page","link":"https:\/\/www.skpzilina.sk\/?page_id=2000","title":{"rendered":"2025 Zmluvy a dokumenty"},"content":{"rendered":"\n<div data-wp-interactive=\"core\/file\" class=\"wp-block-file\"><object data-wp-bind--hidden=\"!state.hasPdfPreview\"  class=\"wp-block-file__embed\" data=\"https:\/\/www.skpzilina.sk\/wp-content\/uploads\/2025\/07\/Zmluva-SKP-209-010-2025.pdf\" type=\"application\/pdf\" style=\"width:100%;height:600px\" aria-label=\"Vlo\u017ei\u0165 Zmluva SKP 209-010 2025.\"><\/object><a id=\"wp-block-file--media-9f43ea48-9624-4284-af11-a8c267e065d9\" href=\"https:\/\/www.skpzilina.sk\/wp-content\/uploads\/2025\/07\/Zmluva-SKP-209-010-2025.pdf\">Zmluva SKP 209-010 2025<\/a><a href=\"https:\/\/www.skpzilina.sk\/wp-content\/uploads\/2025\/07\/Zmluva-SKP-209-010-2025.pdf\" class=\"wp-block-file__button wp-element-button\" download aria-describedby=\"wp-block-file--media-9f43ea48-9624-4284-af11-a8c267e065d9\">Stiahnu\u0165<\/a><\/div>\n\n\n\n<div data-wp-interactive=\"core\/file\" class=\"wp-block-file\"><object data-wp-bind--hidden=\"!state.hasPdfPreview\"  class=\"wp-block-file__embed\" data=\"https:\/\/www.skpzilina.sk\/wp-content\/uploads\/2025\/07\/Zmluva-SZB-U-23-2025-24.pdf\" type=\"application\/pdf\" style=\"width:100%;height:600px\" aria-label=\"Vlo\u017ei\u0165 Zmluva SZB U-23-2025-24.\"><\/object><a id=\"wp-block-file--media-d2433914-ccf2-44c2-a3b5-720c3d914cd6\" href=\"https:\/\/www.skpzilina.sk\/wp-content\/uploads\/2025\/07\/Zmluva-SZB-U-23-2025-24.pdf\">Zmluva SZB U-23-2025-24<\/a><a href=\"https:\/\/www.skpzilina.sk\/wp-content\/uploads\/2025\/07\/Zmluva-SZB-U-23-2025-24.pdf\" class=\"wp-block-file__button wp-element-button\" download aria-describedby=\"wp-block-file--media-d2433914-ccf2-44c2-a3b5-720c3d914cd6\">Stiahnu\u0165<\/a><\/div>\n\n\n\n<div data-wp-interactive=\"core\/file\" class=\"wp-block-file\"><object data-wp-bind--hidden=\"!state.hasPdfPreview\"  class=\"wp-block-file__embed\" data=\"https:\/\/www.skpzilina.sk\/wp-content\/uploads\/2025\/10\/Zmluva-SAZ-2025-MSR-BODY-68-vc.-Dodatku-c.1.pdf\" type=\"application\/pdf\" style=\"width:100%;height:600px\" aria-label=\"Vlo\u017ei\u0165 Zmluva SAZ 2025 MSR BODY 68 vc. Dodatku \u010d.1.\"><\/object><a id=\"wp-block-file--media-837d99d8-6a62-4f17-9c4d-1ee9a1f062be\" href=\"https:\/\/www.skpzilina.sk\/wp-content\/uploads\/2025\/10\/Zmluva-SAZ-2025-MSR-BODY-68-vc.-Dodatku-c.1.pdf\">Zmluva SAZ 2025 MSR BODY 68 vc. Dodatku \u010d.1<\/a><a href=\"https:\/\/www.skpzilina.sk\/wp-content\/uploads\/2025\/10\/Zmluva-SAZ-2025-MSR-BODY-68-vc.-Dodatku-c.1.pdf\" class=\"wp-block-file__button wp-element-button\" download aria-describedby=\"wp-block-file--media-837d99d8-6a62-4f17-9c4d-1ee9a1f062be\">Stiahnu\u0165<\/a><\/div>\n","protected":false},"excerpt":{"rendered":"","protected":false},"author":2,"featured_media":0,"parent":0,"menu_order":0,"comment_status":"closed","ping_status":"closed","template":"","meta":{"footnotes":""},"class_list":["post-2000","page","type-page","status-publish","hentry"],"_links":{"self":[{"href":"https:\/\/www.skpzilina.sk\/index.php?rest_route=\/wp\/v2\/pages\/2000"}],"collection":[{"href":"https:\/\/www.skpzilina.sk\/index.php?rest_route=\/wp\/v2\/pages"}],"about":[{"href":"https:\/\/www.skpzilina.sk\/index.php?rest_route=\/wp\/v2\/types\/page"}],"author":[{"embeddable":true,"href":"https:\/\/www.skpzilina.sk\/index.php?rest_route=\/wp\/v2\/users\/2"}],"replies":[{"embeddable":true,"href":"https:\/\/www.skpzilina.sk\/index.php?rest_route=%2Fwp%2Fv2%2Fcomments&post=2000"}],"version-history":[{"count":5,"href":"https:\/\/www.skpzilina.sk\/index.php?rest_route=\/wp\/v2\/pages\/2000\/revisions"}],"predecessor-version":[{"id":2056,"href":"https:\/\/www.skpzilina.sk\/index.php?rest_route=\/wp\/v2\/pages\/2000\/revisions\/2056"}],"wp:attachment":[{"href":"https:\/\/www.skpzilina.sk\/index.php?rest_route=%2Fwp%2Fv2%2Fmedia&parent=2000"}],"curies":[{"name":"wp","href":"https:\/\/api.w.org\/{rel}","templated":true}]}}