{"id":1998,"date":"2025-02-05T10:30:01","date_gmt":"2025-02-05T09:30:01","guid":{"rendered":"https:\/\/www.skpzilina.sk\/?page_id=1998"},"modified":"2026-03-12T14:55:53","modified_gmt":"2026-03-12T13:55:53","slug":"2025-cerpanie-dotacii-a-financnych-prostriedkov","status":"publish","type":"page","link":"https:\/\/www.skpzilina.sk\/?page_id=1998","title":{"rendered":"2025 \u010cerpanie dot\u00e1ci\u00ed a finan\u010dn\u00fdch prostriedkov"},"content":{"rendered":"\n<div data-wp-interactive=\"core\/file\" class=\"wp-block-file\"><object data-wp-bind--hidden=\"!state.hasPdfPreview\"  class=\"wp-block-file__embed\" data=\"https:\/\/www.skpzilina.sk\/wp-content\/uploads\/2026\/03\/Cerpanie-financii-2025-12.pdf\" type=\"application\/pdf\" style=\"width:100%;height:600px\" aria-label=\"Vlo\u017ei\u0165 Cerpanie financi\u00ed 2025 12.\"><\/object><a id=\"wp-block-file--media-b72f8a46-af59-4e4a-81b5-1501a09de641\" href=\"https:\/\/www.skpzilina.sk\/wp-content\/uploads\/2026\/03\/Cerpanie-financii-2025-12.pdf\">Cerpanie financi\u00ed 2025 12<\/a><a href=\"https:\/\/www.skpzilina.sk\/wp-content\/uploads\/2026\/03\/Cerpanie-financii-2025-12.pdf\" class=\"wp-block-file__button wp-element-button\" download aria-describedby=\"wp-block-file--media-b72f8a46-af59-4e4a-81b5-1501a09de641\">Stiahnu\u0165<\/a><\/div>\n\n\n\n<div data-wp-interactive=\"core\/file\" class=\"wp-block-file\"><object data-wp-bind--hidden=\"!state.hasPdfPreview\"  class=\"wp-block-file__embed\" data=\"https:\/\/www.skpzilina.sk\/wp-content\/uploads\/2026\/03\/Cerpanie-dotacie-z-MVSR-2025.pdf\" type=\"application\/pdf\" style=\"width:100%;height:600px\" aria-label=\"Vlo\u017ei\u0165 Cerpanie dotacie z MVSR 2025.\"><\/object><a id=\"wp-block-file--media-30230a99-fbbc-4842-a14b-b0b5d7f82523\" href=\"https:\/\/www.skpzilina.sk\/wp-content\/uploads\/2026\/03\/Cerpanie-dotacie-z-MVSR-2025.pdf\">Cerpanie dotacie z MVSR 2025<\/a><a href=\"https:\/\/www.skpzilina.sk\/wp-content\/uploads\/2026\/03\/Cerpanie-dotacie-z-MVSR-2025.pdf\" class=\"wp-block-file__button wp-element-button\" download aria-describedby=\"wp-block-file--media-30230a99-fbbc-4842-a14b-b0b5d7f82523\">Stiahnu\u0165<\/a><\/div>\n","protected":false},"excerpt":{"rendered":"","protected":false},"author":2,"featured_media":0,"parent":0,"menu_order":0,"comment_status":"closed","ping_status":"closed","template":"","meta":{"footnotes":""},"class_list":["post-1998","page","type-page","status-publish","hentry"],"_links":{"self":[{"href":"https:\/\/www.skpzilina.sk\/index.php?rest_route=\/wp\/v2\/pages\/1998"}],"collection":[{"href":"https:\/\/www.skpzilina.sk\/index.php?rest_route=\/wp\/v2\/pages"}],"about":[{"href":"https:\/\/www.skpzilina.sk\/index.php?rest_route=\/wp\/v2\/types\/page"}],"author":[{"embeddable":true,"href":"https:\/\/www.skpzilina.sk\/index.php?rest_route=\/wp\/v2\/users\/2"}],"replies":[{"embeddable":true,"href":"https:\/\/www.skpzilina.sk\/index.php?rest_route=%2Fwp%2Fv2%2Fcomments&post=1998"}],"version-history":[{"count":18,"href":"https:\/\/www.skpzilina.sk\/index.php?rest_route=\/wp\/v2\/pages\/1998\/revisions"}],"predecessor-version":[{"id":2104,"href":"https:\/\/www.skpzilina.sk\/index.php?rest_route=\/wp\/v2\/pages\/1998\/revisions\/2104"}],"wp:attachment":[{"href":"https:\/\/www.skpzilina.sk\/index.php?rest_route=%2Fwp%2Fv2%2Fmedia&parent=1998"}],"curies":[{"name":"wp","href":"https:\/\/api.w.org\/{rel}","templated":true}]}}