{"id":1976,"date":"2025-02-05T09:54:18","date_gmt":"2025-02-05T08:54:18","guid":{"rendered":"https:\/\/www.skpzilina.sk\/?page_id=1976"},"modified":"2026-02-16T14:39:43","modified_gmt":"2026-02-16T13:39:43","slug":"tlaciva-na-2","status":"publish","type":"page","link":"https:\/\/www.skpzilina.sk\/?page_id=1976","title":{"rendered":"Tla\u010div\u00e1 na 2%"},"content":{"rendered":"\n<ul class=\"wp-block-list\">\n<li>ROK 2026<\/li>\n\n\n\n<li>Dokumenty na 2%&nbsp; doplnen\u00e9&nbsp; s \u00fadajmi&nbsp; \u0160portov\u00e9ho&nbsp; klubu&nbsp; pol\u00edcie&nbsp; \u017dilina\n<ul class=\"wp-block-list\">\n<li>1\/ <strong>Vyhl\u00e1senie k 2% na rok 2026 za rok 2025  <\/strong><\/li>\n<\/ul>\n<\/li>\n<\/ul>\n\n\n\n<div data-wp-interactive=\"core\/file\" class=\"wp-block-file\"><object data-wp-bind--hidden=\"!state.hasPdfPreview\"  class=\"wp-block-file__embed\" data=\"https:\/\/www.skpzilina.sk\/wp-content\/uploads\/2026\/02\/SKPZA-Vyhlasenie-pre-2.pdf\" type=\"application\/pdf\" style=\"width:100%;height:600px\" aria-label=\"Vlo\u017ei\u0165 SKPZA Vyhlasenie pre 2%.\"><\/object><a id=\"wp-block-file--media-731baba2-f791-4192-b1c8-ce8e5a872393\" href=\"https:\/\/www.skpzilina.sk\/wp-content\/uploads\/2026\/02\/SKPZA-Vyhlasenie-pre-2.pdf\">SKPZA Vyhlasenie pre 2%<\/a><a href=\"https:\/\/www.skpzilina.sk\/wp-content\/uploads\/2026\/02\/SKPZA-Vyhlasenie-pre-2.pdf\" class=\"wp-block-file__button wp-element-button\" download aria-describedby=\"wp-block-file--media-731baba2-f791-4192-b1c8-ce8e5a872393\">Stiahnu\u0165<\/a><\/div>\n\n\n\n<ul class=\"wp-block-list\">\n<li>Klikni na odkaz na stiahnutie dokumentu \n<ul class=\"wp-block-list\"><\/ul>\n<\/li>\n<\/ul>\n\n\n\n<div data-wp-interactive=\"core\/file\" class=\"wp-block-file\"><object data-wp-bind--hidden=\"!state.hasPdfPreview\"  class=\"wp-block-file__embed\" data=\"https:\/\/www.skpzilina.sk\/wp-content\/uploads\/2026\/02\/SKPZA-potvrd.-o-zaplateni-dane-1.pdf\" type=\"application\/pdf\" style=\"width:100%;height:600px\" aria-label=\"Vlo\u017ei\u0165 SKPZA potvrd. o zaplaten\u00ed dane.\"><\/object><a id=\"wp-block-file--media-c738d125-edd9-41c4-983a-cd1c7af78e13\" href=\"https:\/\/www.skpzilina.sk\/wp-content\/uploads\/2026\/02\/SKPZA-potvrd.-o-zaplateni-dane-1.pdf\">SKPZA potvrd. o zaplaten\u00ed dane<\/a><a href=\"https:\/\/www.skpzilina.sk\/wp-content\/uploads\/2026\/02\/SKPZA-potvrd.-o-zaplateni-dane-1.pdf\" class=\"wp-block-file__button wp-element-button\" download aria-describedby=\"wp-block-file--media-c738d125-edd9-41c4-983a-cd1c7af78e13\">Stiahnu\u0165<\/a><\/div>\n\n\n\n<ul class=\"wp-block-list\">\n<li><strong>2\/ Toto tla\u010divo vypln\u00ed va\u0161e \u00fa\u010dtovn\u00e9 oddelenie v zamestnan\u00ed  zamestnan\u00ed<\/strong><\/li>\n<\/ul>\n\n\n\n<p><\/p>\n\n\n\n<ul class=\"wp-block-list\">\n<li>Klikni na odkaz na stiahnutie dokumentu<\/li>\n<\/ul>\n\n\n\n<p><\/p>\n\n\n\n<p><\/p>\n\n\n\n<ul class=\"wp-block-list\">\n<li><strong>3\/ Pou\u010denie na vyplnenie vyhl\u00e1senia pod bodom 1<\/strong><\/li>\n<\/ul>\n\n\n\n<div data-wp-interactive=\"core\/file\" class=\"wp-block-file\"><object data-wp-bind--hidden=\"!state.hasPdfPreview\"  class=\"wp-block-file__embed\" data=\"https:\/\/www.skpzilina.sk\/wp-content\/uploads\/2026\/02\/Poucenie-na-vyplnenie-tlaciva-1.pdf\" type=\"application\/pdf\" style=\"width:100%;height:600px\" aria-label=\"Vlo\u017ei\u0165 Poucenie na vyplnenie tlaciva.\"><\/object><a id=\"wp-block-file--media-88825167-84b5-4d23-b0ea-beabe2a397d3\" href=\"https:\/\/www.skpzilina.sk\/wp-content\/uploads\/2026\/02\/Poucenie-na-vyplnenie-tlaciva-1.pdf\">Poucenie na vyplnenie tlaciva<\/a><a href=\"https:\/\/www.skpzilina.sk\/wp-content\/uploads\/2026\/02\/Poucenie-na-vyplnenie-tlaciva-1.pdf\" class=\"wp-block-file__button wp-element-button\" download aria-describedby=\"wp-block-file--media-88825167-84b5-4d23-b0ea-beabe2a397d3\">Stiahnu\u0165<\/a><\/div>\n\n\n\n<ul class=\"wp-block-list\">\n<li>Kliknite na odkaz na stiahnutie dokumentu<\/li>\n<\/ul>\n\n\n\n<p><\/p>\n","protected":false},"excerpt":{"rendered":"","protected":false},"author":2,"featured_media":0,"parent":0,"menu_order":0,"comment_status":"closed","ping_status":"closed","template":"","meta":{"footnotes":""},"class_list":["post-1976","page","type-page","status-publish","hentry"],"_links":{"self":[{"href":"https:\/\/www.skpzilina.sk\/index.php?rest_route=\/wp\/v2\/pages\/1976"}],"collection":[{"href":"https:\/\/www.skpzilina.sk\/index.php?rest_route=\/wp\/v2\/pages"}],"about":[{"href":"https:\/\/www.skpzilina.sk\/index.php?rest_route=\/wp\/v2\/types\/page"}],"author":[{"embeddable":true,"href":"https:\/\/www.skpzilina.sk\/index.php?rest_route=\/wp\/v2\/users\/2"}],"replies":[{"embeddable":true,"href":"https:\/\/www.skpzilina.sk\/index.php?rest_route=%2Fwp%2Fv2%2Fcomments&post=1976"}],"version-history":[{"count":17,"href":"https:\/\/www.skpzilina.sk\/index.php?rest_route=\/wp\/v2\/pages\/1976\/revisions"}],"predecessor-version":[{"id":2088,"href":"https:\/\/www.skpzilina.sk\/index.php?rest_route=\/wp\/v2\/pages\/1976\/revisions\/2088"}],"wp:attachment":[{"href":"https:\/\/www.skpzilina.sk\/index.php?rest_route=%2Fwp%2Fv2%2Fmedia&parent=1976"}],"curies":[{"name":"wp","href":"https:\/\/api.w.org\/{rel}","templated":true}]}}