{"id":1714,"date":"2022-02-27T20:51:30","date_gmt":"2022-02-27T19:51:30","guid":{"rendered":"https:\/\/www.skpzilina.sk\/?page_id=1714"},"modified":"2023-02-14T23:19:07","modified_gmt":"2023-02-14T22:19:07","slug":"cerpanie-2022-2","status":"publish","type":"page","link":"https:\/\/www.skpzilina.sk\/?page_id=1714","title":{"rendered":"2022 \u010cerpanie dot\u00e1ci\u00ed a finan\u010dn\u00fdch prostriedkov"},"content":{"rendered":"\n<p><\/p>\n\n\n\n<div data-wp-interactive=\"core\/file\" class=\"wp-block-file\"><object data-wp-bind--hidden=\"!state.hasPdfPreview\"  class=\"wp-block-file__embed\" data=\"https:\/\/www.skpzilina.sk\/wp-content\/uploads\/2023\/02\/Cerpanie-rok-2022.pdf\" type=\"application\/pdf\" style=\"width:100%;height:600px\" aria-label=\"Vlo\u017ei\u0165 Vlo\u017ei\u0165 Cerpanie rok 2022..\"><\/object><a id=\"wp-block-file--media-8e9830b9-b150-450a-9b03-70865c5ff8f2\" href=\"https:\/\/www.skpzilina.sk\/wp-content\/uploads\/2023\/02\/Cerpanie-rok-2022.pdf\">Cerpanie rok 2022<\/a><a href=\"https:\/\/www.skpzilina.sk\/wp-content\/uploads\/2023\/02\/Cerpanie-rok-2022.pdf\" class=\"wp-block-file__button\" download aria-describedby=\"wp-block-file--media-8e9830b9-b150-450a-9b03-70865c5ff8f2\">Stiahnu\u0165<\/a><\/div>\n\n\n\n<p><\/p>\n\n\n\n<div data-wp-interactive=\"core\/file\" class=\"wp-block-file\"><object data-wp-bind--hidden=\"!state.hasPdfPreview\"  class=\"wp-block-file__embed\" data=\"https:\/\/www.skpzilina.sk\/wp-content\/uploads\/2023\/02\/Cerpanie-dotacie-z-MVSR-2022.pdf\" type=\"application\/pdf\" style=\"width:100%;height:600px\" aria-label=\"Vlo\u017ei\u0165 Vlo\u017ei\u0165 Cerpanie dot\u00e1cie z MVSR 2022..\"><\/object><a id=\"wp-block-file--media-f7cae8b9-43e7-4235-8ac9-01b79ab5c3e8\" href=\"https:\/\/www.skpzilina.sk\/wp-content\/uploads\/2023\/02\/Cerpanie-dotacie-z-MVSR-2022.pdf\">Cerpanie dot\u00e1cie z MVSR 2022<\/a><a href=\"https:\/\/www.skpzilina.sk\/wp-content\/uploads\/2023\/02\/Cerpanie-dotacie-z-MVSR-2022.pdf\" class=\"wp-block-file__button\" download aria-describedby=\"wp-block-file--media-f7cae8b9-43e7-4235-8ac9-01b79ab5c3e8\">Stiahnu\u0165<\/a><\/div>\n","protected":false},"excerpt":{"rendered":"","protected":false},"author":3,"featured_media":0,"parent":0,"menu_order":0,"comment_status":"closed","ping_status":"closed","template":"","meta":{"footnotes":""},"class_list":["post-1714","page","type-page","status-publish","hentry"],"_links":{"self":[{"href":"https:\/\/www.skpzilina.sk\/index.php?rest_route=\/wp\/v2\/pages\/1714"}],"collection":[{"href":"https:\/\/www.skpzilina.sk\/index.php?rest_route=\/wp\/v2\/pages"}],"about":[{"href":"https:\/\/www.skpzilina.sk\/index.php?rest_route=\/wp\/v2\/types\/page"}],"author":[{"embeddable":true,"href":"https:\/\/www.skpzilina.sk\/index.php?rest_route=\/wp\/v2\/users\/3"}],"replies":[{"embeddable":true,"href":"https:\/\/www.skpzilina.sk\/index.php?rest_route=%2Fwp%2Fv2%2Fcomments&post=1714"}],"version-history":[{"count":21,"href":"https:\/\/www.skpzilina.sk\/index.php?rest_route=\/wp\/v2\/pages\/1714\/revisions"}],"predecessor-version":[{"id":1830,"href":"https:\/\/www.skpzilina.sk\/index.php?rest_route=\/wp\/v2\/pages\/1714\/revisions\/1830"}],"wp:attachment":[{"href":"https:\/\/www.skpzilina.sk\/index.php?rest_route=%2Fwp%2Fv2%2Fmedia&parent=1714"}],"curies":[{"name":"wp","href":"https:\/\/api.w.org\/{rel}","templated":true}]}}