{"id":1463,"date":"2019-05-22T15:29:25","date_gmt":"2019-05-22T13:29:25","guid":{"rendered":"https:\/\/www.skpzilina.sk\/?page_id=1463"},"modified":"2019-05-22T15:29:25","modified_gmt":"2019-05-22T13:29:25","slug":"kontakt","status":"publish","type":"page","link":"https:\/\/www.skpzilina.sk\/?page_id=1463","title":{"rendered":"Kontakt"},"content":{"rendered":"<p>N\u00e1zov: \u00a0 \u00a0 \u00a0 \u00a0 \u00a0 \u00a0 \u00a0 \u00a0 \u00a0 \u0160portov\u00fd klub pol\u00edcie \u017dilina, ob\u010dianske zdru\u017eenie<\/p>\n<p>Adresa: \u00a0 \u00a0 \u00a0 \u00a0 \u00a0 \u00a0 \u00a0 \u00a0 \u00a0\u017dilina, ul. Dob\u0161insk\u00e9ho 1615\/7<\/p>\n<p>I\u010cO : \u00a0 \u00a0 \u00a0 \u00a0 \u00a0 \u00a0 \u00a0 \u00a0 \u00a0 \u00a0 \u00a0 \u00a000630560<\/p>\n<p>Zast\u00fapen\u00fd : \u00a0 \u00a0 \u00a0 \u00a0 \u00a0Ing. \u013dubo\u0161 Cesnek, predseda<\/p>\n<p>\u010d. tel. 0915823357, \u00a0 \u00a0 \u00a0 \u00a0mail: cesnek@skpzilina.sk<\/p>\n","protected":false},"excerpt":{"rendered":"<p>N\u00e1zov: \u00a0 \u00a0 \u00a0 \u00a0 \u00a0 \u00a0 \u00a0 \u00a0 \u00a0 \u0160portov\u00fd klub pol\u00edcie \u017dilina, ob\u010dianske zdru\u017eenie Adresa: \u00a0 \u00a0 \u00a0 \u00a0 \u00a0 \u00a0 \u00a0 \u00a0 \u00a0\u017dilina, ul. Dob\u0161insk\u00e9ho 1615\/7 I\u010cO : \u00a0 \u00a0 \u00a0 \u00a0 \u00a0 \u00a0 \u00a0 \u00a0 \u00a0 \u00a0 \u00a0 \u00a000630560 Zast\u00fapen\u00fd : \u00a0 \u00a0 \u00a0 \u00a0 \u00a0Ing. \u013dubo\u0161 Cesnek, predseda \u010d. tel. &hellip; <\/p>\n<p class=\"link-more\"><a href=\"https:\/\/www.skpzilina.sk\/?page_id=1463\" class=\"more-link\">Pokra\u010dova\u0165 v \u010d\u00edtan\u00ed<span class=\"screen-reader-text\"> &#8222;Kontakt&#8220;<\/span><\/a><\/p>\n","protected":false},"author":2,"featured_media":0,"parent":0,"menu_order":0,"comment_status":"closed","ping_status":"closed","template":"","meta":{"footnotes":""},"class_list":["post-1463","page","type-page","status-publish","hentry"],"_links":{"self":[{"href":"https:\/\/www.skpzilina.sk\/index.php?rest_route=\/wp\/v2\/pages\/1463"}],"collection":[{"href":"https:\/\/www.skpzilina.sk\/index.php?rest_route=\/wp\/v2\/pages"}],"about":[{"href":"https:\/\/www.skpzilina.sk\/index.php?rest_route=\/wp\/v2\/types\/page"}],"author":[{"embeddable":true,"href":"https:\/\/www.skpzilina.sk\/index.php?rest_route=\/wp\/v2\/users\/2"}],"replies":[{"embeddable":true,"href":"https:\/\/www.skpzilina.sk\/index.php?rest_route=%2Fwp%2Fv2%2Fcomments&post=1463"}],"version-history":[{"count":1,"href":"https:\/\/www.skpzilina.sk\/index.php?rest_route=\/wp\/v2\/pages\/1463\/revisions"}],"predecessor-version":[{"id":1464,"href":"https:\/\/www.skpzilina.sk\/index.php?rest_route=\/wp\/v2\/pages\/1463\/revisions\/1464"}],"wp:attachment":[{"href":"https:\/\/www.skpzilina.sk\/index.php?rest_route=%2Fwp%2Fv2%2Fmedia&parent=1463"}],"curies":[{"name":"wp","href":"https:\/\/api.w.org\/{rel}","templated":true}]}}